{"id":37,"date":"2023-11-20T15:28:54","date_gmt":"2023-11-20T15:28:54","guid":{"rendered":"http:\/\/www.bymishphotography.com\/?page_id=37"},"modified":"2024-01-22T11:38:13","modified_gmt":"2024-01-22T11:38:13","slug":"contacto","status":"publish","type":"page","link":"https:\/\/www.bymishphotography.com\/es\/contacto\/","title":{"rendered":"Contacto"},"content":{"rendered":"\t\t<div data-elementor-type=\"wp-page\" data-elementor-id=\"37\" class=\"elementor elementor-37\" data-elementor-post-type=\"page\">\n\t\t\t\t<div class=\"elementor-element elementor-element-e641ee1 e-flex e-con-boxed e-con e-parent\" data-id=\"e641ee1\" data-element_type=\"container\" data-e-type=\"container\" data-settings=\"{&quot;background_background&quot;:&quot;classic&quot;}\">\n\t\t\t\t\t<div class=\"e-con-inner\">\n\t\t<div class=\"elementor-element elementor-element-c083932 e-con-full e-flex e-con e-child\" data-id=\"c083932\" data-element_type=\"container\" data-e-type=\"container\">\n\t\t\t\t<div class=\"elementor-element elementor-element-aa157e2 elementor-widget elementor-widget-heading\" data-id=\"aa157e2\" data-element_type=\"widget\" data-e-type=\"widget\" data-widget_type=\"heading.default\">\n\t\t\t\t<div class=\"elementor-widget-container\">\n\t\t\t\t\t<h1 class=\"elementor-heading-title elementor-size-default\">Contacta con nosotros<\/h1>\t\t\t\t<\/div>\n\t\t\t\t<\/div>\n\t\t\t\t<div class=\"elementor-element elementor-element-14fba80 elementor-widget elementor-widget-text-editor\" data-id=\"14fba80\" data-element_type=\"widget\" data-e-type=\"widget\" data-widget_type=\"text-editor.default\">\n\t\t\t\t<div class=\"elementor-widget-container\">\n\t\t\t\t\t\t\t\t\t<p>Si est\u00e1s interesado en mis servicios como fot\u00f3grafa y quieres hacerme alguna consulta respecto a mis sesiones de fotograf\u00eda de estilo de vida o corporativas, no dudes en llamarme, enviarme un correo o este formulario de contacto con todos tus datos.<\/p>\t\t\t\t\t\t\t\t<\/div>\n\t\t\t\t<\/div>\n\t\t<div class=\"elementor-element elementor-element-bea21f5 e-con-full e-flex e-con e-child\" data-id=\"bea21f5\" data-element_type=\"container\" data-e-type=\"container\">\n\t\t<div class=\"elementor-element elementor-element-0c02465 e-con-full e-flex e-con e-child\" data-id=\"0c02465\" data-element_type=\"container\" data-e-type=\"container\">\n\t\t\t\t<div class=\"elementor-element elementor-element-9c4f9a7 elementor-widget-tablet__width-initial elementor-widget elementor-widget-html\" data-id=\"9c4f9a7\" data-element_type=\"widget\" data-e-type=\"widget\" data-widget_type=\"html.default\">\n\t\t\t\t<div class=\"elementor-widget-container\">\n\t\t\t\t\t\r\n<div class=\"cartaconta\">\r\n  <div class=\"iow\">\r\n      <a href=\"tel:+34693940703\" target=\"_self\">\r\n   <svg width=\"24\" height=\"24\" viewBox=\"0 0 24 24\" fill=\"none\" xmlns=\"http:\/\/www.w3.org\/2000\/svg\">\r\n<path d=\"M20 21.5C10.351 21.5 2.5 13.649 2.5 4C2.5 3.173 3.173 2.5 4 2.5H7.5C8.327 2.5 9 3.173 9 4C9 5.17 9.184 6.319 9.545 7.413C9.716 7.96 9.573 8.543 9.174 8.943L7.589 11.049C8.893 13.507 10.477 15.09 12.951 16.41L15.108 14.781C15.458 14.425 16.06 14.284 16.591 14.467C17.68 14.827 18.828 15.01 20 15.01C20.827 15.01 21.5 15.683 21.5 16.51V20C21.5 20.827 20.827 21.5 20 21.5ZM4 3.5C3.725 3.5 3.5 3.724 3.5 4C3.5 13.098 10.902 20.5 20 20.5C20.275 20.5 20.5 20.276 20.5 20V16.51C20.5 16.234 20.275 16.01 20 16.01C18.722 16.01 17.468 15.81 16.272 15.415C16.094 15.356 15.897 15.402 15.763 15.534L13.301 17.4C13.148 17.516 12.941 17.534 12.772 17.446C9.838 15.943 8.037 14.141 6.554 11.228C6.467 11.058 6.485 10.853 6.6 10.7L8.42 8.29C8.603 8.1 8.65 7.907 8.592 7.72C8.2 6.531 8 5.277 8 4C8 3.724 7.775 3.5 7.5 3.5H4Z\" fill=\"#E64B28\"\/>\r\n<\/svg>\r\n\r\n    693 940 703<\/a>\r\n  <\/div>\r\n <!-- <div class=\"iow\">\r\n      <a href=\"tel:000000000\" target=\"_self\">\r\n   <svg width=\"24\" height=\"24\" viewBox=\"0 0 24 24\" fill=\"none\" xmlns=\"http:\/\/www.w3.org\/2000\/svg\">\r\n<g clip-path=\"url(#clip0_47_2176)\">\r\n<path d=\"M0.5 24.002C0.367 24.002 0.238 23.949 0.143 23.851C0.00600001 23.711 -0.037 23.505 0.034 23.322L1.897 18.477C0.654 16.546 0 14.313 0 12.002C0 5.385 5.383 0.0019989 12 0.0019989C18.617 0.0019989 24 5.385 24 12.002C24 18.619 18.617 24.002 12 24.002C9.756 24.002 7.571 23.376 5.667 22.188L0.668 23.973C0.613 23.993 0.557 24.002 0.5 24.002ZM5.73 21.135C5.826 21.135 5.921 21.162 6.003 21.216C7.793 22.385 9.867 23.003 12 23.003C18.065 23.003 23 18.068 23 12.003C23 5.938 18.065 1.003 12 1.003C5.935 1.003 1 5.938 1 12.003C1 14.201 1.646 16.323 2.87 18.139C2.961 18.274 2.98 18.446 2.922 18.598L1.358 22.665L5.562 21.164C5.616 21.145 5.673 21.135 5.73 21.135Z\" fill=\"#E64B28\"\/>\r\n<path d=\"M15 18.002C13.429 18.002 10.413 16.123 9.146 14.856C7.879 13.588 6 10.572 6 9.002C6 7.386 7.375 6.002 8.5 6.002H9.5C9.69 6.002 9.864 6.11 9.948 6.281C9.948 6.281 10.551 7.506 10.945 8.274C11.389 9.141 10.554 10.161 10.079 10.642C10.249 11.078 10.646 11.942 11.353 12.649C12.06 13.356 12.924 13.754 13.36 13.923C13.84 13.447 14.86 12.611 15.728 13.057C16.496 13.452 17.72 14.053 17.72 14.053C17.892 14.138 18 14.312 18 14.502V15.502C18 16.628 16.615 18.002 15 18.002ZM8.5 7.002C7.935 7.002 7 7.937 7 9.002C7 10.161 8.634 12.928 9.854 14.148C11.187 15.481 13.928 17.002 15 17.002C16.065 17.002 17 16.067 17 15.502V14.813C16.59 14.611 15.816 14.227 15.271 13.947C15.037 13.821 14.326 14.322 13.875 14.833C13.746 14.979 13.545 15.035 13.361 14.982C13.298 14.964 11.817 14.526 10.646 13.355C9.475 12.184 9.038 10.703 9.019 10.64C8.965 10.454 9.024 10.254 9.168 10.126C9.678 9.675 10.176 8.967 10.054 8.729C9.775 8.186 9.392 7.412 9.19 7.002H8.5Z\" fill=\"#E64B28\"\/>\r\n<\/g>\r\n<defs>\r\n<clipPath id=\"clip0_47_2176\">\r\n<rect width=\"24\" height=\"24\" fill=\"white\"\/>\r\n<\/clipPath>\r\n<\/defs>\r\n<\/svg>\r\n\r\n   000000000<\/a>\r\n  <\/div>-->\r\n<\/div>\t\t\t\t<\/div>\n\t\t\t\t<\/div>\n\t\t\t\t<\/div>\n\t\t<div class=\"elementor-element elementor-element-86a6bb8 e-con-full e-flex e-con e-child\" data-id=\"86a6bb8\" data-element_type=\"container\" data-e-type=\"container\">\n\t\t\t\t<div class=\"elementor-element elementor-element-181de85 elementor-widget elementor-widget-html\" data-id=\"181de85\" data-element_type=\"widget\" data-e-type=\"widget\" data-widget_type=\"html.default\">\n\t\t\t\t<div class=\"elementor-widget-container\">\n\t\t\t\t\t\r\n<style>\r\n\r\n<\/style>\r\n<div class=\"cartaconta\">\r\n  <div class=\"iow\">\r\n      <a href=\"mailto:hola@bymishphotography.com\" target=\"_self\">\r\n  <svg width=\"24\" height=\"24\" viewBox=\"0 0 24 24\" fill=\"none\" xmlns=\"http:\/\/www.w3.org\/2000\/svg\">\r\n<path d=\"M21.5 20H2.5C1.122 20 0 18.878 0 17.5V6.5C0 5.122 1.122 4 2.5 4H21.5C22.878 4 24 5.122 24 6.5V17.5C24 18.878 22.878 20 21.5 20ZM2.5 5C1.673 5 1 5.673 1 6.5V17.5C1 18.327 1.673 19 2.5 19H21.5C22.327 19 23 18.327 23 17.5V6.5C23 5.673 22.327 5 21.5 5H2.5Z\" fill=\"#E64B28\"\/>\r\n<path d=\"M11.9998 13.017C11.4498 13.017 10.8988 12.853 10.4188 12.524L2.21779 6.913C1.98979 6.757 1.93179 6.446 2.08679 6.218C2.24179 5.99 2.55279 5.931 2.78179 6.088L10.9828 11.699C11.5998 12.121 12.3978 12.121 13.0158 11.699L21.2168 6.088C21.4458 5.933 21.7568 5.99 21.9118 6.218C22.0678 6.446 22.0098 6.757 21.7818 6.913L13.5808 12.524C13.1008 12.853 12.5498 13.017 11.9998 13.017Z\" fill=\"#E64B28\"\/>\r\n<path d=\"M2.49998 18C2.35598 18 2.21398 17.939 2.11498 17.82C1.93798 17.608 1.96698 17.292 2.17898 17.115L8.17898 12.115C8.39098 11.939 8.70698 11.968 8.88398 12.179C9.06098 12.391 9.03198 12.707 8.81998 12.884L2.81998 17.884C2.72698 17.962 2.61298 18 2.49998 18Z\" fill=\"#E64B28\"\/>\r\n<path d=\"M21.5 18C21.387 18 21.274 17.962 21.18 17.884L15.18 12.884C14.968 12.707 14.939 12.392 15.116 12.179C15.293 11.968 15.608 11.939 15.821 12.115L21.821 17.115C22.033 17.292 22.062 17.607 21.885 17.82C21.785 17.939 21.643 18 21.5 18Z\" fill=\"#E64B28\"\/>\r\n<\/svg>\r\n\r\n   hola@bymishphotography.com<\/a>\r\n  <\/div>\r\n  \r\n<\/div>\t\t\t\t<\/div>\n\t\t\t\t<\/div>\n\t\t\t\t<\/div>\n\t\t\t\t<\/div>\n\t\t\t\t<div class=\"elementor-element elementor-element-cff77cd elementor-widget elementor-widget-html\" data-id=\"cff77cd\" data-element_type=\"widget\" data-e-type=\"widget\" data-widget_type=\"html.default\">\n\t\t\t\t<div class=\"elementor-widget-container\">\n\t\t\t\t\t<div class=\"map mt96\">\n\n\t\t\t\t\t<iframe src=\"https:\/\/www.google.com\/maps\/embed?pb=!1m18!1m12!1m3!1d47890.317570952284!2d2.098989907376775!3d41.39266060244838!2m3!1f0!2f0!3f0!3m2!1i1024!2i768!4f13.1!3m3!1m2!1s0x12a49816718e30e5%3A0x44b0fb3d4f47660a!2sBarcelona!5e0!3m2!1sca!2ses!4v1700751019757!5m2!1sca!2ses\" width=\"100%\" height=\"290\" style=\"border:0;\" allowfullscreen=\"\" loading=\"lazy\" referrerpolicy=\"no-referrer-when-downgrade\"><\/iframe>\n\t\t\t\t<\/div>\n\t\t\t\t\t\t\t<\/div>\n\t\t\t\t<\/div>\n\t\t\t\t<\/div>\n\t\t<div class=\"elementor-element elementor-element-6a01d09 e-con-full e-flex e-con e-child\" data-id=\"6a01d09\" data-element_type=\"container\" data-e-type=\"container\">\n\t\t\t\t<div class=\"elementor-element elementor-element-3cb87e1 elementor-widget elementor-widget-shortcode\" data-id=\"3cb87e1\" data-element_type=\"widget\" data-e-type=\"widget\" data-widget_type=\"shortcode.default\">\n\t\t\t\t<div class=\"elementor-widget-container\">\n\t\t\t\t\t\t\t<div class=\"elementor-shortcode\">\n<div class=\"wpcf7 no-js\" id=\"wpcf7-f302-o1\" lang=\"es-ES\" dir=\"ltr\" data-wpcf7-id=\"302\">\n<div class=\"screen-reader-response\"><p role=\"status\" aria-live=\"polite\" aria-atomic=\"true\"><\/p> <ul><\/ul><\/div>\n<form action=\"\/es\/wp-json\/wp\/v2\/pages\/37#wpcf7-f302-o1\" method=\"post\" class=\"wpcf7-form init\" aria-label=\"Formulario de contacto\" novalidate=\"novalidate\" data-status=\"init\">\n<fieldset class=\"hidden-fields-container\"><input type=\"hidden\" name=\"_wpcf7\" value=\"302\" \/><input type=\"hidden\" name=\"_wpcf7_version\" value=\"6.1.5\" \/><input type=\"hidden\" name=\"_wpcf7_locale\" value=\"es_ES\" \/><input type=\"hidden\" name=\"_wpcf7_unit_tag\" value=\"wpcf7-f302-o1\" \/><input type=\"hidden\" name=\"_wpcf7_container_post\" value=\"0\" \/><input type=\"hidden\" name=\"_wpcf7_posted_data_hash\" value=\"\" \/><input type=\"hidden\" name=\"_wpcf7_recaptcha_response\" value=\"\" \/>\n<\/fieldset>\n<div id=\"contacto\">\n\t<div class=\"formucont\">\n\t\t<p class=\"formtitlee\">Nombre y apellidos\n\t\t<\/p>\n\t\t<p><span class=\"wpcf7-form-control-wrap\" data-name=\"nombre\"><input size=\"40\" maxlength=\"400\" class=\"wpcf7-form-control wpcf7-text wpcf7-validates-as-required\" autocomplete=\"name\" aria-required=\"true\" aria-invalid=\"false\" placeholder=\"Nombre y apellidos\" value=\"\" type=\"text\" name=\"nombre\" \/><\/span>\n\t\t<\/p>\n\t\t<p class=\"formtitlee\">Email\n\t\t<\/p>\n\t\t<p><span class=\"wpcf7-form-control-wrap\" data-name=\"email\"><input size=\"40\" maxlength=\"400\" class=\"wpcf7-form-control wpcf7-email wpcf7-validates-as-required wpcf7-text wpcf7-validates-as-email\" autocomplete=\"email\" aria-required=\"true\" aria-invalid=\"false\" placeholder=\"Email\" value=\"\" type=\"email\" name=\"email\" \/><\/span>\n\t\t<\/p>\n\t\t<p class=\"formtitlee\">Tel\u00e9fono\n\t\t<\/p>\n\t\t<p><span class=\"wpcf7-form-control-wrap\" data-name=\"tel-252\"><input size=\"40\" maxlength=\"400\" class=\"wpcf7-form-control wpcf7-tel wpcf7-validates-as-required wpcf7-text wpcf7-validates-as-tel\" aria-required=\"true\" aria-invalid=\"false\" placeholder=\"Tel\u00e9fono\" value=\"\" type=\"tel\" name=\"tel-252\" \/><\/span>\n\t\t<\/p>\n\t\t<p class=\"formtitlee\">Comentario\n\t\t<\/p>\n\t\t<p><span class=\"wpcf7-form-control-wrap\" data-name=\"textarea-991\"><textarea cols=\"40\" rows=\"10\" maxlength=\"2000\" class=\"wpcf7-form-control wpcf7-textarea\" aria-invalid=\"false\" name=\"textarea-991\"><\/textarea><\/span>\n\t\t<\/p>\n\t\t<p class=\"mt50\"><span class=\"wpcf7-form-control-wrap\" data-name=\"acceptance-447\"><span class=\"wpcf7-form-control wpcf7-acceptance\"><span class=\"wpcf7-list-item\"><input type=\"checkbox\" name=\"acceptance-447\" value=\"1\" aria-invalid=\"false\" \/><\/span><\/span><\/span>He le\u00eddo y acepto la Pol\u00edtica de Privacidad\n\t\t<\/p>\n\t\t<p><input class=\"wpcf7-form-control wpcf7-submit has-spinner\" type=\"submit\" value=\"Enviar\" \/>\n\t\t<\/p>\n\t<\/div>\n<\/div><div class=\"wpcf7-response-output\" aria-hidden=\"true\"><\/div>\n<\/form>\n<\/div>\n<\/div>\n\t\t\t\t\t\t<\/div>\n\t\t\t\t<\/div>\n\t\t\t\t<\/div>\n\t\t\t\t\t<\/div>\n\t\t\t\t<\/div>\n\t\t<div class=\"elementor-element elementor-element-23b6d6c e-flex e-con-boxed e-con e-parent\" data-id=\"23b6d6c\" data-element_type=\"container\" data-e-type=\"container\">\n\t\t\t\t\t<div class=\"e-con-inner\">\n\t\t\t\t\t<\/div>\n\t\t\t\t<\/div>\n\t\t\t\t<\/div>\n\t\t","protected":false},"excerpt":{"rendered":"<p>Contacta con nosotros Si est\u00e1s interesado en mis servicios como fot\u00f3grafa y quieres hacerme alguna consulta respecto a mis sesiones de fotograf\u00eda de estilo de vida o corporativas, no dudes en llamarme, enviarme un correo o este formulario de contacto con todos tus datos. 693 940 703 hola@bymishphotography.com<\/p>\n","protected":false},"author":1,"featured_media":0,"parent":0,"menu_order":0,"comment_status":"closed","ping_status":"closed","template":"elementor_header_footer","meta":{"footnotes":""},"class_list":["post-37","page","type-page","status-publish","hentry"],"yoast_head":"<!-- This site is optimized with the Yoast SEO plugin v27.4 - https:\/\/yoast.com\/product\/yoast-seo-wordpress\/ -->\n<title>Contacto - Mische Fotograf&iacute;a<\/title>\n<meta name=\"robots\" content=\"index, follow, max-snippet:-1, max-image-preview:large, max-video-preview:-1\" \/>\n<link rel=\"canonical\" href=\"https:\/\/www.bymishphotography.com\/es\/contacto\/\" \/>\n<meta property=\"og:locale\" content=\"es_ES\" \/>\n<meta property=\"og:type\" content=\"article\" \/>\n<meta property=\"og:title\" content=\"Contacto - Mische Fotograf&iacute;a\" \/>\n<meta property=\"og:description\" content=\"Contacta con nosotros Si est\u00e1s interesado en mis servicios como fot\u00f3grafa y quieres hacerme alguna consulta respecto a mis sesiones de fotograf\u00eda de estilo de vida o corporativas, no dudes en llamarme, enviarme un correo o este formulario de contacto con todos tus datos. 693 940 703 hola@bymishphotography.com\" \/>\n<meta property=\"og:url\" content=\"https:\/\/www.bymishphotography.com\/es\/contacto\/\" \/>\n<meta property=\"og:site_name\" content=\"Mische Fotograf&iacute;a\" \/>\n<meta property=\"article:modified_time\" content=\"2024-01-22T11:38:13+00:00\" \/>\n<meta name=\"twitter:card\" content=\"summary_large_image\" \/>\n<meta name=\"twitter:label1\" content=\"Tiempo de lectura\" \/>\n\t<meta name=\"twitter:data1\" content=\"1 minuto\" \/>\n<script type=\"application\/ld+json\" class=\"yoast-schema-graph\">{\"@context\":\"https:\\\/\\\/schema.org\",\"@graph\":[{\"@type\":\"WebPage\",\"@id\":\"https:\\\/\\\/www.bymishphotography.com\\\/es\\\/contacto\\\/\",\"url\":\"https:\\\/\\\/www.bymishphotography.com\\\/es\\\/contacto\\\/\",\"name\":\"Contacto - Mische Fotograf&iacute;a\",\"isPartOf\":{\"@id\":\"https:\\\/\\\/www.bymishphotography.com\\\/es\\\/#website\"},\"datePublished\":\"2023-11-20T15:28:54+00:00\",\"dateModified\":\"2024-01-22T11:38:13+00:00\",\"breadcrumb\":{\"@id\":\"https:\\\/\\\/www.bymishphotography.com\\\/es\\\/contacto\\\/#breadcrumb\"},\"inLanguage\":\"es\",\"potentialAction\":[{\"@type\":\"ReadAction\",\"target\":[\"https:\\\/\\\/www.bymishphotography.com\\\/es\\\/contacto\\\/\"]}]},{\"@type\":\"BreadcrumbList\",\"@id\":\"https:\\\/\\\/www.bymishphotography.com\\\/es\\\/contacto\\\/#breadcrumb\",\"itemListElement\":[{\"@type\":\"ListItem\",\"position\":1,\"name\":\"Portada\",\"item\":\"https:\\\/\\\/www.bymishphotography.com\\\/es\\\/\"},{\"@type\":\"ListItem\",\"position\":2,\"name\":\"Contacto\"}]},{\"@type\":\"WebSite\",\"@id\":\"https:\\\/\\\/www.bymishphotography.com\\\/es\\\/#website\",\"url\":\"https:\\\/\\\/www.bymishphotography.com\\\/es\\\/\",\"name\":\"Mische Fotograf\u00eda\",\"description\":\"Mische Fotograf&iacute;a Barcelona\",\"publisher\":{\"@id\":\"https:\\\/\\\/www.bymishphotography.com\\\/es\\\/#organization\"},\"potentialAction\":[{\"@type\":\"SearchAction\",\"target\":{\"@type\":\"EntryPoint\",\"urlTemplate\":\"https:\\\/\\\/www.bymishphotography.com\\\/es\\\/?s={search_term_string}\"},\"query-input\":{\"@type\":\"PropertyValueSpecification\",\"valueRequired\":true,\"valueName\":\"search_term_string\"}}],\"inLanguage\":\"es\"},{\"@type\":\"Organization\",\"@id\":\"https:\\\/\\\/www.bymishphotography.com\\\/es\\\/#organization\",\"name\":\"Mische Fotograf\u00eda\",\"url\":\"https:\\\/\\\/www.bymishphotography.com\\\/es\\\/\",\"logo\":{\"@type\":\"ImageObject\",\"inLanguage\":\"es\",\"@id\":\"https:\\\/\\\/www.bymishphotography.com\\\/es\\\/#\\\/schema\\\/logo\\\/image\\\/\",\"url\":\"https:\\\/\\\/www.bymishphotography.com\\\/wp-content\\\/uploads\\\/2023\\\/11\\\/finalimageOnly-1.png\",\"contentUrl\":\"https:\\\/\\\/www.bymishphotography.com\\\/wp-content\\\/uploads\\\/2023\\\/11\\\/finalimageOnly-1.png\",\"width\":71,\"height\":65,\"caption\":\"Mische Fotograf\u00eda\"},\"image\":{\"@id\":\"https:\\\/\\\/www.bymishphotography.com\\\/es\\\/#\\\/schema\\\/logo\\\/image\\\/\"}}]}<\/script>\n<!-- \/ Yoast SEO plugin. -->","yoast_head_json":{"title":"Contacto - Mische Fotograf&iacute;a","robots":{"index":"index","follow":"follow","max-snippet":"max-snippet:-1","max-image-preview":"max-image-preview:large","max-video-preview":"max-video-preview:-1"},"canonical":"https:\/\/www.bymishphotography.com\/es\/contacto\/","og_locale":"es_ES","og_type":"article","og_title":"Contacto - Mische Fotograf&iacute;a","og_description":"Contacta con nosotros Si est\u00e1s interesado en mis servicios como fot\u00f3grafa y quieres hacerme alguna consulta respecto a mis sesiones de fotograf\u00eda de estilo de vida o corporativas, no dudes en llamarme, enviarme un correo o este formulario de contacto con todos tus datos. 693 940 703 hola@bymishphotography.com","og_url":"https:\/\/www.bymishphotography.com\/es\/contacto\/","og_site_name":"Mische Fotograf&iacute;a","article_modified_time":"2024-01-22T11:38:13+00:00","twitter_card":"summary_large_image","twitter_misc":{"Tiempo de lectura":"1 minuto"},"schema":{"@context":"https:\/\/schema.org","@graph":[{"@type":"WebPage","@id":"https:\/\/www.bymishphotography.com\/es\/contacto\/","url":"https:\/\/www.bymishphotography.com\/es\/contacto\/","name":"Contacto - Mische Fotograf&iacute;a","isPartOf":{"@id":"https:\/\/www.bymishphotography.com\/es\/#website"},"datePublished":"2023-11-20T15:28:54+00:00","dateModified":"2024-01-22T11:38:13+00:00","breadcrumb":{"@id":"https:\/\/www.bymishphotography.com\/es\/contacto\/#breadcrumb"},"inLanguage":"es","potentialAction":[{"@type":"ReadAction","target":["https:\/\/www.bymishphotography.com\/es\/contacto\/"]}]},{"@type":"BreadcrumbList","@id":"https:\/\/www.bymishphotography.com\/es\/contacto\/#breadcrumb","itemListElement":[{"@type":"ListItem","position":1,"name":"Portada","item":"https:\/\/www.bymishphotography.com\/es\/"},{"@type":"ListItem","position":2,"name":"Contacto"}]},{"@type":"WebSite","@id":"https:\/\/www.bymishphotography.com\/es\/#website","url":"https:\/\/www.bymishphotography.com\/es\/","name":"Mische Fotograf\u00eda","description":"Mische Fotograf&iacute;a Barcelona","publisher":{"@id":"https:\/\/www.bymishphotography.com\/es\/#organization"},"potentialAction":[{"@type":"SearchAction","target":{"@type":"EntryPoint","urlTemplate":"https:\/\/www.bymishphotography.com\/es\/?s={search_term_string}"},"query-input":{"@type":"PropertyValueSpecification","valueRequired":true,"valueName":"search_term_string"}}],"inLanguage":"es"},{"@type":"Organization","@id":"https:\/\/www.bymishphotography.com\/es\/#organization","name":"Mische Fotograf\u00eda","url":"https:\/\/www.bymishphotography.com\/es\/","logo":{"@type":"ImageObject","inLanguage":"es","@id":"https:\/\/www.bymishphotography.com\/es\/#\/schema\/logo\/image\/","url":"https:\/\/www.bymishphotography.com\/wp-content\/uploads\/2023\/11\/finalimageOnly-1.png","contentUrl":"https:\/\/www.bymishphotography.com\/wp-content\/uploads\/2023\/11\/finalimageOnly-1.png","width":71,"height":65,"caption":"Mische Fotograf\u00eda"},"image":{"@id":"https:\/\/www.bymishphotography.com\/es\/#\/schema\/logo\/image\/"}}]}},"_links":{"self":[{"href":"https:\/\/www.bymishphotography.com\/es\/wp-json\/wp\/v2\/pages\/37","targetHints":{"allow":["GET"]}}],"collection":[{"href":"https:\/\/www.bymishphotography.com\/es\/wp-json\/wp\/v2\/pages"}],"about":[{"href":"https:\/\/www.bymishphotography.com\/es\/wp-json\/wp\/v2\/types\/page"}],"author":[{"embeddable":true,"href":"https:\/\/www.bymishphotography.com\/es\/wp-json\/wp\/v2\/users\/1"}],"replies":[{"embeddable":true,"href":"https:\/\/www.bymishphotography.com\/es\/wp-json\/wp\/v2\/comments?post=37"}],"version-history":[{"count":70,"href":"https:\/\/www.bymishphotography.com\/es\/wp-json\/wp\/v2\/pages\/37\/revisions"}],"predecessor-version":[{"id":934,"href":"https:\/\/www.bymishphotography.com\/es\/wp-json\/wp\/v2\/pages\/37\/revisions\/934"}],"wp:attachment":[{"href":"https:\/\/www.bymishphotography.com\/es\/wp-json\/wp\/v2\/media?parent=37"}],"curies":[{"name":"wp","href":"https:\/\/api.w.org\/{rel}","templated":true}]}}