{"id":736,"date":"2023-12-14T12:06:51","date_gmt":"2023-12-14T12:06:51","guid":{"rendered":"http:\/\/www.bymishphotography.com\/?page_id=736"},"modified":"2023-12-14T12:44:40","modified_gmt":"2023-12-14T12:44:40","slug":"aviso-legal","status":"publish","type":"page","link":"https:\/\/www.bymishphotography.com\/es\/aviso-legal\/","title":{"rendered":"Aviso Legal"},"content":{"rendered":"<ol>\n<li><b> AVISO LEGAL Y T\u00c9RMINOS DE USO<\/b><\/li>\n<\/ol>\n<p><span style=\"font-weight: 400;\">Puedo garantizarte que te encuentras en un espacio 100 % seguro, por ello, dando cumplimiento con el deber de informaci\u00f3n recogido en art\u00edculo 10 de la Ley 34\/2002, de 11 de julio, de Servicios de la Sociedad de la Informaci\u00f3n y del Comercio Electr\u00f3nico, a continuaci\u00f3n se hace constar:<\/span><\/p>\n<p><b>1.1. Datos identificativos del responsable\u00a0<\/b><\/p>\n<p><span style=\"font-weight: 400;\">Tal y como recoge la Ley 34\/2002, de 11 de julio, de servicios de la sociedad de la informaci\u00f3n y de comercio electr\u00f3nico, le informo que:<\/span><\/p>\n<p><span style=\"font-weight: 400;\">Mi denominaci\u00f3n social es: <\/span><b>Mische Hamilton <\/b><span style=\"font-weight: 400;\"><br \/>\n<\/span><span style=\"font-weight: 400;\">Mi CIF es B76200229<\/span><span style=\"font-weight: 400;\"><br \/>\n<\/span><span style=\"font-weight: 400;\">Mi domicilio social se encuentra en <\/span><span style=\"font-weight: 400;\">Carrer Provenca 323 pral-1, Barcelona, 08037 \u00a0 \u00a0 \u00a0 \u00a0 \u00a0 \u00a0 \u00a0 \u00a0 \u00a0 \u00a0 \u00a0 \u00a0 \u00a0 \u00a0 \u00a0 \u00a0 \u00a0 \u00a0 \u00a0 \u00a0 \u00a0 \u00a0 \u00a0 \u00a0 \u00a0 \u00a0 \u00a0 \u00a0 \u00a0 \u00a0 <\/span><br \/>\n<span style=\"font-weight: 400;\">Email: <\/span><span style=\"font-weight: 400;\">hola@bymishphotography.com<\/span><span style=\"font-weight: 400;\"><br \/>\n<\/span><span style=\"font-weight: 400;\">Mi actividad social es: <\/span><span style=\"font-weight: 400;\">fot\u00f3grafa<\/span><\/p>\n<p><b>1.2. Finalidad de la p\u00e1gina web.\u00a0<\/b><\/p>\n<p><span style=\"font-weight: 400;\">Los servicios prestados por el responsable de la p\u00e1gina web son los siguientes:<\/span><\/p>\n<p><span style=\"font-weight: 400;\">Suministro de contenidos en el sitio web.<\/span><\/p>\n<p><b>1.3. Usuarios:<\/b><\/p>\n<p><span style=\"font-weight: 400;\">El acceso y\/o uso de este sitio web atribuye la condici\u00f3n de USUARIO, que acepta, desde dicho acceso y\/o uso, los presentes t\u00e9rminos de uso, no obstante, por el mero uso de la p\u00e1gina web no significa el inicio de relaci\u00f3n laboral\/comercial alguna.<\/span><\/p>\n<p><b>1.4. Uso del sitio web y captura de informaci\u00f3n:\u00a0<\/b><\/p>\n<p><span style=\"font-weight: 400;\">1.4.1 USO DEL SITIO WEB<\/span><\/p>\n<p><span style=\"font-weight: 400;\">La p\u00e1gina web <\/span><span style=\"font-weight: 400;\">www.bymishphotography.com<\/span><span style=\"font-weight: 400;\"> en adelante (LA WEB) proporciona el acceso a art\u00edculos, informaciones, servicios y datos (en adelante, \u201clos contenidos\u201d) propiedad de <\/span><b>Mische Hamilton.<\/b><span style=\"font-weight: 400;\">, El USUARIO asume la responsabilidad del uso de la web.<\/span><\/p>\n<p><span style=\"font-weight: 400;\">El USUARIO se compromete a hacer un uso adecuado de los contenidos que ofrece a trav\u00e9s de su web y con car\u00e1cter enunciativo pero no limitativo, a no emplearlos para:<\/span><\/p>\n<p><span style=\"font-weight: 400;\">(a) incurrir en actividades il\u00edcitas, ilegales o contrarias a la buena fe y al orden p\u00fablico;<\/span><span style=\"font-weight: 400;\"><br \/>\n<\/span><span style=\"font-weight: 400;\">(b) difundir contenidos o propaganda de car\u00e1cter racista, xen\u00f3fobo, pornogr\u00e1fico-ilegal, de apolog\u00eda del terrorismo o atentatorio contra los derechos humanos;<\/span><span style=\"font-weight: 400;\"><br \/>\n<\/span><span style=\"font-weight: 400;\">(c) provocar da\u00f1os en los sistemas f\u00edsicos y l\u00f3gicos de <\/span><b>www.bymishphotography.com<\/b><span style=\"font-weight: 400;\">, de sus proveedores o de terceras personas, introducir o difundir en la red virus inform\u00e1ticos o cualesquiera otros sistemas f\u00edsicos o l\u00f3gicos que sean susceptibles de provocar los da\u00f1os anteriormente mencionados;<\/span><span style=\"font-weight: 400;\"><br \/>\n<\/span><span style=\"font-weight: 400;\">(d) intentar acceder y, en su caso, utilizar las cuentas de correo electr\u00f3nico de otros usuarios y modificar o manipular sus mensajes.<\/span><\/p>\n<p><b>Mische Hamilton.<\/b><span style=\"font-weight: 400;\"> se reserva el derecho de retirar todos aquellos comentarios y aportaciones que vulneren el respeto a la dignidad de la persona, que sean discriminatorios, xen\u00f3fobos, racistas, pornogr\u00e1ficos, que atenten contra la juventud o la infancia, el orden o la seguridad p\u00fablica o que, a su juicio, no resultaran adecuados para su publicaci\u00f3n.<\/span><\/p>\n<p><span style=\"font-weight: 400;\">En cualquier caso, <\/span><b>Mische Hamilton <\/b><span style=\"font-weight: 400;\">no ser\u00e1 responsable de las opiniones vertidas por los usuarios a trav\u00e9s del blog u otras herramientas de participaci\u00f3n que puedan crearse, conforme a lo previsto en la normativa de aplicaci\u00f3n.<\/span><\/p>\n<p><b>1.4.2 Captura de informaci\u00f3n\u00a0<\/b><\/p>\n<ul>\n<li style=\"font-weight: 400;\" aria-level=\"1\"><span style=\"font-weight: 400;\">Formulario de contacto, donde el USUARIO deber\u00e1 rellenar el campo de correo electr\u00f3nico, asunto y nombre.<\/span><\/li>\n<li style=\"font-weight: 400;\" aria-level=\"1\"><span style=\"font-weight: 400;\">Formulario de suscripci\u00f3n, rellenando el USUARIO los campos necesarios para la adquisici\u00f3n del curso con los campos de nombre, apellidos, direcci\u00f3n, ciudad, pa\u00eds, estado, c\u00f3digo postal, email y contrase\u00f1a.<\/span><\/li>\n<li style=\"font-weight: 400;\" aria-level=\"1\"><span style=\"font-weight: 400;\">Cookies de rastreo, conforme a las siguientes reglas.<\/span><\/li>\n<li style=\"font-weight: 400;\" aria-level=\"1\"><span style=\"font-weight: 400;\">Navegaci\u00f3n y Direcci\u00f3n IP: Al navegar por esta web, el usuario facilita de forma autom\u00e1tica al servidor de la web informaci\u00f3n relativa a tu direcci\u00f3n IP, fecha y hora de acceso, el hiperv\u00ednculo que le ha reenviado a \u00e9stas, tu sistema operativo y el navegador utilizado.<\/span><\/li>\n<\/ul>\n<p><span style=\"font-weight: 400;\">A pesar de lo anterior, los usuarios podr\u00e1n darse de baja en cualquier momento de los servicios prestados por <\/span><b>Mische Hamilton <\/b><span style=\"font-weight: 400;\">o datos aportados por el USUARIO dando cumplimiento a la normativa vigente sobre Protecci\u00f3n de Datos. Asimismo, tanto al suscribirse a esta p\u00e1gina web como al realizar alg\u00fan comentario en cualquiera de sus p\u00e1ginas y\/o entradas, el usuario consiente:<\/span><\/p>\n<p><span style=\"font-weight: 400;\">El tratamiento de sus datos personales en el entorno de WordPress conforme a sus pol\u00edticas de privacidad.<\/span><\/p>\n<p><span style=\"font-weight: 400;\">El acceso de <\/span><b>Mische Hamilton.<\/b><span style=\"font-weight: 400;\"> a los datos que, de acuerdo con la infraestructura de WordPress, necesite el usuario aportar bien para la suscripci\u00f3n al curso bien para cualquier consulta mediante el formulario de contacto.<\/span><\/p>\n<p><span style=\"font-weight: 400;\">Asimismo, informamos que la informaci\u00f3n de nuestros usuarios est\u00e1 protegida de acuerdo a nuestra <\/span><span style=\"font-weight: 400;\"><a href=\"http:\/\/bymishphotography.com\/politica-de-privacidad\">POL\u00cdTICA DE PRIVACIDAD<\/a>.<\/span><\/p>\n<p><span style=\"font-weight: 400;\">Al activar una suscripci\u00f3n, formulario de contacto o comentario, el usuario comprende y acepta que:<\/span><\/p>\n<p><span style=\"font-weight: 400;\">Desde el momento en que efect\u00faa su suscripci\u00f3n o accedes a alg\u00fan servicio de pago, <\/span><b>Mische Hamilton<\/b><span style=\"font-weight: 400;\"> tiene acceso<\/span><\/p>\n<p><span style=\"font-weight: 400;\">a: Nombre, y email, o dem\u00e1s datos necesarios para facturaci\u00f3n conformando un fichero debidamente inscrito en el Registro General de la Agencia Espa\u00f1ola de Protecci\u00f3n de Datos con el nombre de \u201cUSUARIOS DE LA WEB Y SUSCRIPTORES\u201d o en el caso de realizar alguna compra, ser\u00e1 suscrito al fichero de \u201cCLIENTES Y\/O PROVEEDORES\u201d teniendo acceso a datos de nombre, apellidos, email, dni y domicilio completo.<\/span><\/p>\n<p><span style=\"font-weight: 400;\">En todo caso <\/span><b>Mische Hamilton\u00a0 <\/b><span style=\"font-weight: 400;\">se reserva el derecho de modificar, en cualquier momento y sin necesidad de previo aviso, la presentaci\u00f3n y configuraci\u00f3n de la web <\/span><b>www.bymishphotography.com<\/b><span style=\"font-weight: 400;\"> \/como el presente aviso legal.<\/span><\/p>\n<ol start=\"2\">\n<li><b> PROPIEDAD INTELECTUAL E INDUSTRIAL:<\/b><\/li>\n<\/ol>\n<p><b>Mische Hamilton\u00a0 <\/b><span style=\"font-weight: 400;\">por s\u00ed o como cesionario, es titular de todos los derechos de propiedad intelectual e industrial de su p\u00e1gina web, as\u00ed como de los elementos contenidos en la misma (a t\u00edtulo enunciativo, im\u00e1genes, sonido, audio, v\u00eddeo, software o textos; marcas o logotipos, combinaciones de colores, estructura y dise\u00f1o, selecci\u00f3n de materiales usados, programas de ordenador necesarios para su funcionamiento, acceso y uso, etc.), titularidad de <\/span><b>Mische Hamilton <\/b><span style=\"font-weight: 400;\">o bien de sus licenciantes. Todos los derechos reservados.<\/span><\/p>\n<p><span style=\"font-weight: 400;\">Cualquier uso no autorizado previamente por <\/span><b>Mische Hamilton<\/b><span style=\"font-weight: 400;\">, ser\u00e1 considerado un incumplimiento grave de los derechos de propiedad intelectual o industrial del autor.<\/span><\/p>\n<p><span style=\"font-weight: 400;\">Quedan expresamente prohibidas la reproducci\u00f3n, la distribuci\u00f3n y la comunicaci\u00f3n p\u00fablica, incluida su modalidad de puesta a disposici\u00f3n, de la totalidad o parte de los contenidos de esta p\u00e1gina web, con fines comerciales, en cualquier soporte y por cualquier medio t\u00e9cnico, sin la autorizaci\u00f3n de <\/span><b>Mische Hamilton\u00a0<\/b><\/p>\n<p><span style=\"font-weight: 400;\">El USUARIO se compromete a respetar los derechos de Propiedad Intelectual e Industrial titularidad de <\/span><b>Mische Hamilton<\/b><span style=\"font-weight: 400;\">, Podr\u00e1 visualizar \u00fanicamente los elementos de la web sin posibilidad de imprimirlos, copiarlos o almacenarlos en el disco duro de su ordenador o en cualquier otro soporte f\u00edsico. El USUARIO deber\u00e1 abstenerse de suprimir, alterar, eludir o manipular cualquier dispositivo de protecci\u00f3n o sistema de seguridad que estuviera instalado en las p\u00e1ginas de <\/span><b>Mische Hamilton\u00a0<\/b><\/p>\n<p><span style=\"font-weight: 400;\">Queda terminantemente prohibido compartir la licencia para uso con m\u00e1s personas, cada licencia es personal e intransferible reserv\u00e1ndonos cuantas acciones civiles y penales nos asistan en aras de salvaguardar nuestros derechos, todo ello bajo apercibimiento de incurrir en un delito contra la propiedad intelectual del art. 270 y ss del C\u00f3digo Penal con penas de prisi\u00f3n de hasta 4 a\u00f1os.<\/span><\/p>\n<ol start=\"3\">\n<li><b> EXCLUSI\u00d3N DE GARANT\u00cdAS Y RESPONSABILIDAD<\/b><\/li>\n<\/ol>\n<p><b>Mische Hamilton\u00a0 <\/b><span style=\"font-weight: 400;\">no se hace responsable, en ning\u00fan caso, de los da\u00f1os y perjuicios de cualquier naturaleza que pudieran ocasionar, a t\u00edtulo enunciativo: por errores u omisiones en los contenidos, por falta de disponibilidad del sitio web, \u2013 el cual realizar\u00e1 paradas peri\u00f3dicas por mantenimientos t\u00e9cnicos \u2013 as\u00ed como por la transmisi\u00f3n de virus o programas maliciosos o lesivos en los contenidos, a pesar de haber adoptado todas las medidas tecnol\u00f3gicas necesarias para evitarlo.<\/span><\/p>\n<ol start=\"4\">\n<li><b> MODIFICACIONES<\/b><\/li>\n<\/ol>\n<p><b>Mische Hamilton.<\/b><span style=\"font-weight: 400;\"> se reserva el derecho de efectuar sin previo aviso las modificaciones que considere oportunas en su web, pudiendo cambiar, suprimir o a\u00f1adir tanto los contenidos y servicios que se presten a trav\u00e9s de la misma como la forma en la que \u00e9stos aparezcan presentados o localizados en su web.<\/span><\/p>\n<ol start=\"5\">\n<li><b> POL\u00cdTICA DE ENLACES<\/b><\/li>\n<\/ol>\n<p><span style=\"font-weight: 400;\">Las personas o entidades que pretendan realizar o realicen un hiperenlace desde una p\u00e1gina web de otro portal de Internet a la web de <\/span><b>Mische Hamilton <\/b><span style=\"font-weight: 400;\">deber\u00e1 someterse las siguientes condiciones:<\/span><\/p>\n<ul>\n<li style=\"list-style-type: none;\">\n<ul>\n<li style=\"font-weight: 400;\" aria-level=\"1\"><span style=\"font-weight: 400;\">No se permite la reproducci\u00f3n total o parcial de ninguno de los servicios ni contenidos del sitio web sin la previa autorizaci\u00f3n expresa de <\/span><b>Mische Hamilton\u00a0<\/b><\/li>\n<li style=\"font-weight: 400;\" aria-level=\"1\"><span style=\"font-weight: 400;\">No se establecer\u00e1n deep-links ni enlaces IMG o de imagen, ni frames con la web de <\/span><b>Mische Hamilton.<\/b><span style=\"font-weight: 400;\">, sin su previa autorizaci\u00f3n expresa.<\/span><\/li>\n<li style=\"font-weight: 400;\" aria-level=\"1\"><span style=\"font-weight: 400;\">No se establecer\u00e1 ninguna manifestaci\u00f3n falsa, inexacta o incorrecta sobre la web de <\/span><b>Mische Hamilton<\/b><span style=\"font-weight: 400;\">, ni sobre los servicios o contenidos de la misma. Salvo aquellos signos que formen parte del hiperv\u00ednculo, la p\u00e1gina web en la que se establezca no contendr\u00e1 ninguna marca, nombre comercial, r\u00f3tulo de establecimiento, denominaci\u00f3n, logotipo, eslogan u otros signos distintivos pertenecientes a <\/span><b>Mische Hamilton <\/b><span style=\"font-weight: 400;\">salvo autorizaci\u00f3n expresa de \u00e9ste.<\/span><\/li>\n<li style=\"font-weight: 400;\" aria-level=\"1\"><span style=\"font-weight: 400;\">El establecimiento del hiperv\u00ednculo no implicar\u00e1 la existencia de relaciones entre <\/span><b>Mische Hamilton.<\/b><span style=\"font-weight: 400;\"> y el titular de la p\u00e1gina web o del portal desde el cual se realice, ni el conocimiento y aceptaci\u00f3n de <\/span><b>Mische Hamilton <\/b><span style=\"font-weight: 400;\">de los servicios y contenidos ofrecidos en dicha p\u00e1gina web o portal.<\/span><\/li>\n<\/ul>\n<\/li>\n<\/ul>\n<ul>\n<li aria-level=\"1\"><b>Mische Hamilton <\/b><span style=\"font-weight: 400;\">no ser\u00e1 responsable de los contenidos o servicios puestos a disposici\u00f3n del p\u00fablico en la p\u00e1gina web o portal desde el cual se realice el hiperv\u00edn<\/span><b> Mische Hamilton.<\/b><span style=\"font-weight: 400;\"> puede poner a disposici\u00f3n del usuario conexiones y enlaces a otros sitios web gestionados y controlados por terceros. Dichos enlaces tienen como exclusiva funci\u00f3n, la de facilitar a los usuarios la b\u00fasqueda de informaci\u00f3n, contenidos y servicios en Internet, sin que en ning\u00fan caso pueda considerarse una sugerencia, recomendaci\u00f3n o invitaci\u00f3n para la visita de los mismos.<\/span><span style=\"font-weight: 400;\"><br \/>\n<\/span><b>Mische Hamilton <\/b><span style=\"font-weight: 400;\">no comercializa, ni dirige, ni controla previamente, ni hace propios los contenidos, servicios, informaciones y manifestaciones disponibles en dichos sitios web.<\/span><span style=\"font-weight: 400;\"><br \/>\n<\/span><b>Mische Hamilton <\/b><span style=\"font-weight: 400;\">no asume ning\u00fan tipo de responsabilidad, ni siquiera de forma indirecta o subsidiaria, por los da\u00f1os y perjuicios de toda clase que pudieran derivarse del acceso, mantenimiento, uso, calidad, licitud, fiabilidad y utilidad de los contenidos, informaciones, comunicaciones, opiniones, manifestaciones, productos y servicios existentes u ofrecidos en los sitios web no gestionados por <\/span><b>Mische Hamilton.<\/b><span style=\"font-weight: 400;\"> y que resulten accesibles a trav\u00e9s de <\/span><b>Mische Hamilton\u00a0<\/b><\/li>\n<\/ul>\n<ol start=\"6\">\n<li><b> DERECHO DE EXCLUSI\u00d3N<\/b><\/li>\n<\/ol>\n<p><b>Mische Hamilton <\/b><span style=\"font-weight: 400;\">se reserva el derecho a denegar o retirar el acceso al portal y\/o los servicios ofrecidos sin necesidad de preaviso, a instancia propia o de un tercero, a aquellos usuarios que incumplan las presentes Condiciones Generales de Uso.<\/span><\/p>\n<ol start=\"7\">\n<li><b> GENERALIDADES<\/b><\/li>\n<\/ol>\n<p><b>Mische Hamilton <\/b><span style=\"font-weight: 400;\">perseguir\u00e1 el incumplimiento de las presentes condiciones as\u00ed como cualquier utilizaci\u00f3n indebida de su web ejerciendo todas las acciones civiles y penales que le puedan corresponder en derecho.<\/span><\/p>\n<ol start=\"8\">\n<li><b> MODIFICACI\u00d3N DE LAS PRESENTES CONDICIONES Y DURACI\u00d3N<\/b><\/li>\n<\/ol>\n<p><b>Mische Hamilton <\/b><span style=\"font-weight: 400;\">podr\u00e1 modificar en cualquier momento las condiciones aqu\u00ed determinadas, siendo debidamente publicadas como aqu\u00ed aparecen. La vigencia de las citadas condiciones ir\u00e1 en funci\u00f3n de su exposici\u00f3n y estar\u00e1n vigentes hasta que sean modificadas por otras debidamente publicadas.<\/span><\/p>\n<ol start=\"9\">\n<li><b> RECLAMACIONES Y DUDAS<\/b><\/li>\n<\/ol>\n<p><b>Mische Hamilton <\/b><span style=\"font-weight: 400;\">informa que existen hojas de reclamaci\u00f3n a disposici\u00f3n de usuarios y clientes pudiendo remitir un correo a <\/span><span style=\"font-weight: 400;\">hola@bymishphotography.com<\/span><span style=\"font-weight: 400;\"> indicando su nombre y apellidos, el servicio o producto adquirido y exponiendo los motivos de su reclamaci\u00f3n.<\/span><span style=\"font-weight: 400;\"><br \/>\n<\/span><span style=\"font-weight: 400;\">Tambi\u00e9n puede dirigir su reclamaci\u00f3n por correo postal dirigido a: <\/span><b>Mische Hamilton, Carrer Provenca 323 pral-1, Barcelona 08037<\/b><\/p>\n<ol start=\"10\">\n<li><b> LEGISLACI\u00d3N APLICABLE Y JURISDICCI\u00d3N<\/b><\/li>\n<\/ol>\n<p><span style=\"font-weight: 400;\">La relaci\u00f3n entre <\/span><b>Mische Hamilton.<\/b><span style=\"font-weight: 400;\"> y el USUARIO se regir\u00e1 por la normativa espa\u00f1ola vigente y cualquier controversia se someter\u00e1 a los Juzgados y tribunales de la ciudad de <\/span><span style=\"font-weight: 400;\">Barcelona<\/span><span style=\"font-weight: 400;\">, salvo que la Ley aplicable disponga otra cosa.<\/span><\/p>\n","protected":false},"excerpt":{"rendered":"<p>AVISO LEGAL Y T\u00c9RMINOS DE USO Puedo garantizarte que te encuentras en un espacio 100 % seguro, por ello, dando cumplimiento con el deber de informaci\u00f3n recogido en art\u00edculo 10 de la Ley 34\/2002, de 11 de julio, de Servicios de la Sociedad de la Informaci\u00f3n y del Comercio Electr\u00f3nico, a continuaci\u00f3n se hace constar: [&hellip;]<\/p>\n","protected":false},"author":1,"featured_media":0,"parent":0,"menu_order":0,"comment_status":"closed","ping_status":"closed","template":"","meta":{"footnotes":""},"class_list":["post-736","page","type-page","status-publish","hentry"],"yoast_head":"<!-- This site is optimized with the Yoast SEO plugin v27.4 - https:\/\/yoast.com\/product\/yoast-seo-wordpress\/ -->\n<title>Aviso Legal - Mische Fotograf&iacute;a<\/title>\n<meta name=\"robots\" content=\"noindex, nofollow\" \/>\n<meta property=\"og:locale\" content=\"es_ES\" \/>\n<meta property=\"og:type\" content=\"article\" \/>\n<meta property=\"og:title\" content=\"Aviso Legal - Mische Fotograf&iacute;a\" \/>\n<meta property=\"og:description\" content=\"AVISO LEGAL Y T\u00c9RMINOS DE USO Puedo garantizarte que te encuentras en un espacio 100 % seguro, por ello, dando cumplimiento con el deber de informaci\u00f3n recogido en art\u00edculo 10 de la Ley 34\/2002, de 11 de julio, de Servicios de la Sociedad de la Informaci\u00f3n y del Comercio Electr\u00f3nico, a continuaci\u00f3n se hace constar: [&hellip;]\" \/>\n<meta property=\"og:url\" content=\"https:\/\/www.bymishphotography.com\/es\/aviso-legal\/\" \/>\n<meta property=\"og:site_name\" content=\"Mische Fotograf&iacute;a\" \/>\n<meta property=\"article:modified_time\" content=\"2023-12-14T12:44:40+00:00\" \/>\n<meta name=\"twitter:card\" content=\"summary_large_image\" \/>\n<meta name=\"twitter:label1\" content=\"Tiempo de lectura\" \/>\n\t<meta name=\"twitter:data1\" content=\"9 minutos\" \/>\n<script type=\"application\/ld+json\" class=\"yoast-schema-graph\">{\"@context\":\"https:\\\/\\\/schema.org\",\"@graph\":[{\"@type\":\"WebPage\",\"@id\":\"https:\\\/\\\/www.bymishphotography.com\\\/es\\\/aviso-legal\\\/\",\"url\":\"https:\\\/\\\/www.bymishphotography.com\\\/es\\\/aviso-legal\\\/\",\"name\":\"Aviso Legal - Mische Fotograf&iacute;a\",\"isPartOf\":{\"@id\":\"https:\\\/\\\/www.bymishphotography.com\\\/es\\\/#website\"},\"datePublished\":\"2023-12-14T12:06:51+00:00\",\"dateModified\":\"2023-12-14T12:44:40+00:00\",\"breadcrumb\":{\"@id\":\"https:\\\/\\\/www.bymishphotography.com\\\/es\\\/aviso-legal\\\/#breadcrumb\"},\"inLanguage\":\"es\",\"potentialAction\":[{\"@type\":\"ReadAction\",\"target\":[\"https:\\\/\\\/www.bymishphotography.com\\\/es\\\/aviso-legal\\\/\"]}]},{\"@type\":\"BreadcrumbList\",\"@id\":\"https:\\\/\\\/www.bymishphotography.com\\\/es\\\/aviso-legal\\\/#breadcrumb\",\"itemListElement\":[{\"@type\":\"ListItem\",\"position\":1,\"name\":\"Portada\",\"item\":\"https:\\\/\\\/www.bymishphotography.com\\\/es\\\/\"},{\"@type\":\"ListItem\",\"position\":2,\"name\":\"Aviso Legal\"}]},{\"@type\":\"WebSite\",\"@id\":\"https:\\\/\\\/www.bymishphotography.com\\\/es\\\/#website\",\"url\":\"https:\\\/\\\/www.bymishphotography.com\\\/es\\\/\",\"name\":\"Mische Fotograf\u00eda\",\"description\":\"Mische Fotograf&iacute;a Barcelona\",\"publisher\":{\"@id\":\"https:\\\/\\\/www.bymishphotography.com\\\/es\\\/#organization\"},\"potentialAction\":[{\"@type\":\"SearchAction\",\"target\":{\"@type\":\"EntryPoint\",\"urlTemplate\":\"https:\\\/\\\/www.bymishphotography.com\\\/es\\\/?s={search_term_string}\"},\"query-input\":{\"@type\":\"PropertyValueSpecification\",\"valueRequired\":true,\"valueName\":\"search_term_string\"}}],\"inLanguage\":\"es\"},{\"@type\":\"Organization\",\"@id\":\"https:\\\/\\\/www.bymishphotography.com\\\/es\\\/#organization\",\"name\":\"Mische Fotograf\u00eda\",\"url\":\"https:\\\/\\\/www.bymishphotography.com\\\/es\\\/\",\"logo\":{\"@type\":\"ImageObject\",\"inLanguage\":\"es\",\"@id\":\"https:\\\/\\\/www.bymishphotography.com\\\/es\\\/#\\\/schema\\\/logo\\\/image\\\/\",\"url\":\"https:\\\/\\\/www.bymishphotography.com\\\/wp-content\\\/uploads\\\/2023\\\/11\\\/finalimageOnly-1.png\",\"contentUrl\":\"https:\\\/\\\/www.bymishphotography.com\\\/wp-content\\\/uploads\\\/2023\\\/11\\\/finalimageOnly-1.png\",\"width\":71,\"height\":65,\"caption\":\"Mische Fotograf\u00eda\"},\"image\":{\"@id\":\"https:\\\/\\\/www.bymishphotography.com\\\/es\\\/#\\\/schema\\\/logo\\\/image\\\/\"}}]}<\/script>\n<!-- \/ Yoast SEO plugin. -->","yoast_head_json":{"title":"Aviso Legal - Mische Fotograf&iacute;a","robots":{"index":"noindex","follow":"nofollow"},"og_locale":"es_ES","og_type":"article","og_title":"Aviso Legal - Mische Fotograf&iacute;a","og_description":"AVISO LEGAL Y T\u00c9RMINOS DE USO Puedo garantizarte que te encuentras en un espacio 100 % seguro, por ello, dando cumplimiento con el deber de informaci\u00f3n recogido en art\u00edculo 10 de la Ley 34\/2002, de 11 de julio, de Servicios de la Sociedad de la Informaci\u00f3n y del Comercio Electr\u00f3nico, a continuaci\u00f3n se hace constar: [&hellip;]","og_url":"https:\/\/www.bymishphotography.com\/es\/aviso-legal\/","og_site_name":"Mische Fotograf&iacute;a","article_modified_time":"2023-12-14T12:44:40+00:00","twitter_card":"summary_large_image","twitter_misc":{"Tiempo de lectura":"9 minutos"},"schema":{"@context":"https:\/\/schema.org","@graph":[{"@type":"WebPage","@id":"https:\/\/www.bymishphotography.com\/es\/aviso-legal\/","url":"https:\/\/www.bymishphotography.com\/es\/aviso-legal\/","name":"Aviso Legal - Mische Fotograf&iacute;a","isPartOf":{"@id":"https:\/\/www.bymishphotography.com\/es\/#website"},"datePublished":"2023-12-14T12:06:51+00:00","dateModified":"2023-12-14T12:44:40+00:00","breadcrumb":{"@id":"https:\/\/www.bymishphotography.com\/es\/aviso-legal\/#breadcrumb"},"inLanguage":"es","potentialAction":[{"@type":"ReadAction","target":["https:\/\/www.bymishphotography.com\/es\/aviso-legal\/"]}]},{"@type":"BreadcrumbList","@id":"https:\/\/www.bymishphotography.com\/es\/aviso-legal\/#breadcrumb","itemListElement":[{"@type":"ListItem","position":1,"name":"Portada","item":"https:\/\/www.bymishphotography.com\/es\/"},{"@type":"ListItem","position":2,"name":"Aviso Legal"}]},{"@type":"WebSite","@id":"https:\/\/www.bymishphotography.com\/es\/#website","url":"https:\/\/www.bymishphotography.com\/es\/","name":"Mische Fotograf\u00eda","description":"Mische Fotograf&iacute;a Barcelona","publisher":{"@id":"https:\/\/www.bymishphotography.com\/es\/#organization"},"potentialAction":[{"@type":"SearchAction","target":{"@type":"EntryPoint","urlTemplate":"https:\/\/www.bymishphotography.com\/es\/?s={search_term_string}"},"query-input":{"@type":"PropertyValueSpecification","valueRequired":true,"valueName":"search_term_string"}}],"inLanguage":"es"},{"@type":"Organization","@id":"https:\/\/www.bymishphotography.com\/es\/#organization","name":"Mische Fotograf\u00eda","url":"https:\/\/www.bymishphotography.com\/es\/","logo":{"@type":"ImageObject","inLanguage":"es","@id":"https:\/\/www.bymishphotography.com\/es\/#\/schema\/logo\/image\/","url":"https:\/\/www.bymishphotography.com\/wp-content\/uploads\/2023\/11\/finalimageOnly-1.png","contentUrl":"https:\/\/www.bymishphotography.com\/wp-content\/uploads\/2023\/11\/finalimageOnly-1.png","width":71,"height":65,"caption":"Mische Fotograf\u00eda"},"image":{"@id":"https:\/\/www.bymishphotography.com\/es\/#\/schema\/logo\/image\/"}}]}},"_links":{"self":[{"href":"https:\/\/www.bymishphotography.com\/es\/wp-json\/wp\/v2\/pages\/736","targetHints":{"allow":["GET"]}}],"collection":[{"href":"https:\/\/www.bymishphotography.com\/es\/wp-json\/wp\/v2\/pages"}],"about":[{"href":"https:\/\/www.bymishphotography.com\/es\/wp-json\/wp\/v2\/types\/page"}],"author":[{"embeddable":true,"href":"https:\/\/www.bymishphotography.com\/es\/wp-json\/wp\/v2\/users\/1"}],"replies":[{"embeddable":true,"href":"https:\/\/www.bymishphotography.com\/es\/wp-json\/wp\/v2\/comments?post=736"}],"version-history":[{"count":4,"href":"https:\/\/www.bymishphotography.com\/es\/wp-json\/wp\/v2\/pages\/736\/revisions"}],"predecessor-version":[{"id":762,"href":"https:\/\/www.bymishphotography.com\/es\/wp-json\/wp\/v2\/pages\/736\/revisions\/762"}],"wp:attachment":[{"href":"https:\/\/www.bymishphotography.com\/es\/wp-json\/wp\/v2\/media?parent=736"}],"curies":[{"name":"wp","href":"https:\/\/api.w.org\/{rel}","templated":true}]}}